{"id":2725,"date":"2023-05-02T10:41:06","date_gmt":"2023-05-02T10:41:06","guid":{"rendered":"https:\/\/test.edencatamaran.com\/?page_id=2725"},"modified":"2023-05-02T10:45:32","modified_gmt":"2023-05-02T10:45:32","slug":"cookies-policy","status":"publish","type":"page","link":"https:\/\/www.edencatamaran.com\/de\/cookie-richtlinie\/","title":{"rendered":"Cookies-Politik"},"content":{"rendered":"<ol class=\"wp-block-list\"><li><strong>Was sind Cookies?<\/strong><\/li><\/ol><p>Ein Cookie ist eine Textdatei, die ein Webserver auf der Festplatte Ihres Computers speichern kann, um eine Art von Informationen \u00fcber Sie als Benutzer zu speichern. Cookies werden f\u00fcr verschiedene Zwecke verwendet, z. B. um Daten f\u00fcr k\u00fcnftige Besuche zu speichern, um den Benutzer zu erkennen und eine erneute Authentifizierung zu vermeiden, um zu wissen, welche Seiten Sie besuchen, oder um Ihre Pr\u00e4ferenzen in anpassbaren Bereichen zu speichern...). Normalerweise verwenden Websites Cookies, um statistische Informationen \u00fcber ihre Webseiten zu erhalten und um das Verhalten ihrer Kunden\/Nutzer zu analysieren.<\/p><ol class=\"wp-block-list\"><li><strong>Arten von Cookies<\/strong><\/li><\/ol><p>Cookies k\u00f6nnen nach den folgenden Kriterien klassifiziert werden:<\/p><p>Je nach&nbsp;<strong>wer installiert<\/strong>&nbsp;der Keks, k\u00f6nnen diese sein:<\/p><p><strong>Eigene Cookies:<\/strong>&nbsp;Diese werden von einem Computer oder einer Dom\u00e4ne, die vom Herausgeber selbst verwaltet wird und von der aus der vom Benutzer angeforderte Dienst erbracht wird, an das Endger\u00e4t des Benutzers gesendet.<\/p><p><strong>Cookies von Dritten:<\/strong>&nbsp;Dabei handelt es sich um solche, die entweder von einem von uns oder von einem Dritten verwalteten Computer oder einer Dom\u00e4ne an das Endger\u00e4t des Nutzers gesendet werden, wobei die durch Cookies gesammelten Informationen von einem Dritten verwaltet werden, der nicht der Eigent\u00fcmer der Website ist.<\/p><p>Je nach ihrer Erhaltung&nbsp;<strong>Zeitraum<\/strong>&nbsp;k\u00f6nnen Cookies sein:<\/p><p><strong>Sitzungs-Cookies<\/strong>&nbsp;: Diese bleiben so lange bestehen, wie der Benutzer auf der Webseite surft, und werden gel\u00f6scht, wenn das Surfen beendet ist.<\/p><p><strong>Dauerhafte Cookies:<\/strong>&nbsp;Sie werden auf dem Endger\u00e4t des Nutzers \u00fcber einen l\u00e4ngeren Zeitraum gespeichert, was die Kontrolle der gew\u00e4hlten Einstellungen erleichtert, ohne dass bestimmte Parameter bei jedem Besuch der Website erneut eingegeben werden m\u00fcssen.<\/p><p>Je nach ihrer&nbsp;<strong>Zweck<\/strong>&nbsp;k\u00f6nnen Cookies sein:<\/p><p><strong>Technische Cookies:<\/strong>&nbsp;Technische Cookies sind solche, die f\u00fcr das ordnungsgem\u00e4\u00dfe Funktionieren einer Website und die Nutzung der verschiedenen Optionen und Dienste, die sie bietet, unerl\u00e4sslich und unbedingt notwendig sind. Zum Beispiel die Sitzungsaufrechterhaltung, diejenigen, die es Ihnen erm\u00f6glichen, Sicherheitselemente zu verwenden, Inhalte mit sozialen Netzwerken zu teilen, usw.<\/p><p><strong>Personalisierungs-Cookies:<\/strong>&nbsp;Sie erm\u00f6glichen dem Benutzer die Auswahl oder Anpassung von Merkmalen der Webseite wie Sprache, regionale Konfiguration oder Browsertyp.<\/p><p><strong>Analytische Cookies:<\/strong>&nbsp;Diese werden von Webportalen verwendet, um Browsing-Profile zu erstellen und die Pr\u00e4ferenzen der Nutzer zu kennen, um das Angebot an Produkten und Dienstleistungen zu verbessern. Sie erm\u00f6glichen die Kontrolle der geografischen Gebiete, die f\u00fcr einen Nutzer von gr\u00f6\u00dftem Interesse sind, die am meisten akzeptierten Web-Informationen usw.<\/p><p><strong>Werbung \/ Werbe-Cookies:<\/strong>&nbsp;Sie erm\u00f6glichen die Verwaltung von Werbefl\u00e4chen nach bestimmten Kriterien. Zum Beispiel, die H\u00e4ufigkeit des Zugriffs, der Inhalt bearbeitet, etc. Werbe-Cookies erm\u00f6glichen durch die Verwaltung der Werbung, um Informationen \u00fcber das Verhalten durch die Beobachtung der Gewohnheiten zu speichern, studieren Zugriffe und bilden ein Profil der Benutzerpr\u00e4ferenzen, um Werbung im Zusammenhang mit den Interessen Ihres Profils bieten.<\/p><ol class=\"wp-block-list\"><li><strong>Auf unserer Website verwendete Cookies<\/strong><\/li><\/ol><p>www.edencatamaran.com verwendet die folgenden Arten von Cookies im Internet:<\/p><p><strong>Technische Cookies<\/strong><\/p><p>Sie erm\u00f6glichen es dem Nutzer, im Internet zu surfen und Funktionen wie den Warenkorb zu nutzen.<\/p><p><strong>Personalisierungs-Cookies<\/strong><\/p><p>Sie erm\u00f6glichen es uns, die Vorlieben des Nutzers zu kennen: Sprache, besuchte Produkte...<\/p><p><strong>Analyse-Cookies<\/strong><\/p><p>Wir verwenden Google-Analytics-Cookies, um die Anzahl der Nutzer, die das Web besuchen, zu quantifizieren. Diese Cookies erm\u00f6glichen es, die Art und Weise zu messen und zu analysieren, in der die Nutzer im Internet surfen. Diese Informationen erm\u00f6glichen es MARITIME SPORTS OF TENERIFE, SLU, seine Dienstleistungen und die Erfahrung der Web-Benutzer st\u00e4ndig zu verbessern. Weitere Informationen finden Sie auf der Datenschutzseite von Google Analytics:&nbsp;<a href=\"https:\/\/developers.google.com\/analytics\/devguides\/collection\/analyticsjs\/cookie-usage\" target=\"_blank\" rel=\"noreferrer noopener\">https:\/\/developers.google.com\/analytics\/devguides\/collection\/analyticsjs\/cookie-usage<\/a>&nbsp;.<\/p><p><strong>Cookies f\u00fcr Werbung und verhaltensbasierte Werbung<\/strong><\/p><p>Diese Cookies werden verwendet, um den Nutzern relevante Werbung auf der Grundlage ihrer Nutzung unserer Website zu zeigen. Dar\u00fcber hinaus begrenzen sie die Anzahl der Besuche eines Nutzers bei einer Anzeige und helfen MARITIME SPORTS OF TENERIFE, SLU, die Effektivit\u00e4t ihrer Werbekampagnen zu messen. Durch das Surfen im Web akzeptiert der Benutzer, dass wir diese Art von Cookie auf seinem Ger\u00e4t installieren und Anfragen stellen, wenn der Benutzer die MARITIME SPORTS OF TENERIFE, SLU Website in Zukunft besucht.&nbsp;<\/p><p><strong>In unserer Web-Domain installierte Cookies:<\/strong><\/p><figure class=\"wp-block-table\"><table><thead><tr><td>Cookie-Name<\/td><td>Zweck<\/td><td>Eigene \/ von Dritten<\/td><td>Dauer<\/td><td>Wann wird sie installiert?<\/td><\/tr><\/thead><tbody><tr><td>Sitzungscookie<\/td><td>Technik<\/td><td>eigene<\/td><td>Sitzung<\/td><td>Wenn die Website aufgerufen wird<\/td><\/tr><tr><td>_ga<\/td><td>GOOGLE Analytics analytischer Cookie zur Unterscheidung der Benutzer<\/td><td>Dritte Parteien<\/td><td>Dauerhaft 2 Jahre<\/td><td>Wenn die Website aufgerufen wird<\/td><\/tr><tr><td>_gid<\/td><td>GOOGLE Analytics analytischer Cookie zur Unterscheidung der Benutzer<\/td><td>Dritte Parteien<\/td><td>Dauerhaft 24 Stunden<\/td><td>Wenn die Website aufgerufen wird<\/td><\/tr><tr><td>_gat<\/td><td>GOOGLE Analytics analytischer Cookie zur Begrenzung des Prozentsatzes der Anfragen<\/td><td>Dritte Parteien<\/td><td><br>1 Minute<\/td><td>Wenn die Website aufgerufen wird<\/td><\/tr><tr><td>_ym_uid _ym_isad I Yp unten<\/td><td>Diese Cookies werden verwendet, um den Verkehr auf dieser Website zu messen und zu analysieren. Diese Cookies werden vom Skript Yandex Metrica verwendet, das zur Firma Yandex geh\u00f6rt.<\/td><td>Dritte Parteien<\/td><td>Von der Sitzung bis zu 2 Jahren<\/td><td>Wenn die Website aufgerufen wird<\/td><\/tr><\/tbody><\/table><\/figure><p>Diese Website enth\u00e4lt, wie die meisten Websites, Funktionen, die von Dritten bereitgestellt werden.<\/p><p>Unsere Website ist eine lebendige Website und es k\u00f6nnen neue Designs oder Dienste von Dritten aufgenommen werden. Dies kann gelegentlich die Konfiguration von Cookies \u00e4ndern und dazu f\u00fchren, dass Cookies erscheinen, die in dieser Richtlinie nicht im Detail aufgef\u00fchrt sind.<\/p><p><strong>Die auf unserer Website verwendeten Cookies von Drittanbietern sind die folgenden:<\/strong><\/p><figure class=\"wp-block-table\"><table><thead><tr><td>Titular<\/td><td>Name<\/td><td>Wann wird sie installiert?<\/td><td>Beschreibung<\/td><td>Dauer<\/td><td>Weitere Informationen<\/td><\/tr><\/thead><tbody><tr><td>google.com\/es<\/td><td>1P_JAR APISID NID HSID SAPISID SID SIDCC SSID ULE DV CONSENT<\/td><td>Beim Surfen im Internet<\/td><td>Cookies, die auf dem Computer des Nutzers gespeichert werden, um bei einem erneuten Besuch der Google-Dienste mit seinem Konto verbunden zu bleiben. W\u00e4hrend Sie diese aktive Sitzung beibehalten und Plugins auf anderen Websites wie der unseren verwenden, nutzt Google diese Cookies, um Ihre Nutzererfahrung zu verbessern. Die Zwecke von Cookies sind vielf\u00e4ltig: Einstellungsmanagement, Analyse des Nutzerverhaltens, Sicherheit, Nutzeridentifizierung...<\/td><td>Die Dauer h\u00e4ngt von der Art des installierten Cookies ab: Von 10 Minuten bis 20 Jahre<\/td><td>Google-Cookies liegen au\u00dferhalb unserer Kontrolle. Um die Cookie-Richtlinie von Google zu konsultieren,&nbsp;<a href=\"https:\/\/policies.google.com\/technologies\/types\" target=\"_blank\" rel=\"noopener\">hier klicken<\/a><\/td><\/tr><tr><td>Foxyform.com<\/td><td>__nicht gewinnen<\/td><td>Beim Surfen im Internet<\/td><td>Von Google Analytics, das zur Unterscheidung der Benutzersitzung verwendet wird.<br><\/td><td>2 Jahre<\/td><td><a href=\"https:\/\/policies.google.com\/technologies\/types\" target=\"_blank\" rel=\"noopener\">Klicken Sie hier<\/a><\/td><\/tr><tr><td>Foxyform.com<\/td><td>__utmb<\/td><td>Beim Surfen im Internet<\/td><td>Google Analytics-Cookie zur Ermittlung neuer Sitzungen und\/oder Besuche<\/td><td>30 Minuten<\/td><td><a href=\"https:\/\/policies.google.com\/technologies\/types\" target=\"_blank\" rel=\"noopener\">Klicken Sie hier<\/a><\/td><\/tr><tr><td>Foxyform.com<\/td><td>__utmc<\/td><td>Beim Surfen im Internet<\/td><td>Google Analytics-Cookie, der anzeigt, ob die Sitzung offen oder geschlossen ist. Es wird nicht mehr verwendet.<\/td><td>Solange die Sitzung andauert<\/td><td><a href=\"https:\/\/policies.google.com\/technologies\/types\" target=\"_blank\" rel=\"noopener\">Klicken Sie hier<\/a><\/td><\/tr><tr><td>Foxyform.com<\/td><td>__utmz<\/td><td>Beim Surfen im Internet<\/td><td>Google Analytics zur Berechnung des Datenverkehrs, der von Suchmaschinen (organisch und PPC), Display-Werbekampagnen und der Navigation innerhalb derselben Website (interne Links) stammt<\/td><td>6 Monate<\/td><td><a href=\"https:\/\/policies.google.com\/technologies\/types\" target=\"_blank\" rel=\"noopener\">Klicken Sie hier<\/a><\/td><\/tr><tr><td>Foxyform.com<\/td><td>__ext<\/td><td>Beim Surfen im Internet<\/td><td>Google Analytics speichert die aus den Datens\u00e4tzen gewonnenen Daten, um sie sp\u00e4ter demografisch zu segmentieren.<br><\/td><td>2 Jahre<\/td><td><a href=\"https:\/\/policies.google.com\/technologies\/types\" target=\"_blank\" rel=\"noopener\">Klicken Sie hier<\/a><\/td><\/tr><tr><td>Addthis.com<\/td><td>km_ai km_lv km_vs kvcd loc mus notice_gdpr_prefs notice_preferences ouid uid uvc<\/td><td>Beim Zugriff auf die Website<\/td><td>Technische Cookies zum Teilen von Nachrichten in sozialen Netzwerken.<\/td><td>Von Sitzung bis 1 Jahr<\/td><td>Klicken Sie hier<\/td><\/tr><tr><td>Turitop.de<\/td><td>__ga<\/td><td>Beim Surfen im Internet<\/td><td>Google Analytics wird zur Unterscheidung der Nutzer verwendet<\/td><td>2 Jahre<\/td><td><a href=\"https:\/\/policies.google.com\/technologies\/types\" target=\"_blank\" rel=\"noopener\">Klicken Sie hier<\/a><\/td><\/tr><tr><td>Turitop.de<\/td><td>_gid<\/td><td>Wenn die Website aufgerufen wird<\/td><td>GOOGLE Analytics analytischer Cookie zur Unterscheidung der Benutzer<\/td><td>24 Stunden<\/td><td><a href=\"https:\/\/policies.google.com\/technologies\/types\" target=\"_blank\" rel=\"noopener\">Klicken Sie hier<\/a><\/td><\/tr><tr><td>Turitop.de<\/td><td>_gat<\/td><td>Wenn die Website aufgerufen wird<\/td><td><br>GOOGLE Analytics analytischer Cookie zur Begrenzung des Prozentsatzes der Anfragen<\/td><td>1 Minute<\/td><td><a href=\"https:\/\/policies.google.com\/technologies\/types\" target=\"_blank\" rel=\"noopener\">Klicken Sie hier<\/a><\/td><\/tr><tr><td>Vk.com<\/td><td>remixlang<\/td><td>Beim Surfen im Internet<\/td><td>Festlegung der Sprache der Website<\/td><td>1 Jahr<\/td><td><a href=\"https:\/\/www.smartlook.com\/es\/help\/privacy-statement\/\" target=\"_blank\" rel=\"noopener\">Klicken Sie hier<\/a><\/td><\/tr><tr><td>Yandex.ru<\/td><td>I Yp yanderuid<\/td><td>Beim Surfen im Internet<\/td><td>\u00dcberwachung des Besucherverhaltens auf der Website, um die Erfahrung und Funktionalit\u00e4t der Website zu verbessern<\/td><td>Sitzung<\/td><td><a href=\"https:\/\/www.smartlook.com\/es\/help\/privacy-statement\/\" target=\"_blank\" rel=\"noopener\">Klicken Sie hier<\/a><\/td><\/tr><\/tbody><\/table><\/figure><p>Unsere Website kontrolliert nicht die&nbsp;&nbsp;<em>Cookies<\/em>&nbsp;&nbsp;die von diesen Dritten verwendet werden. F\u00fcr mehr Informationen \u00fcber&nbsp;<em>Cookies<\/em>&nbsp;&nbsp;von sozialen Netzwerken oder anderen Websites Dritter, empfehlen wir die \u00dcberpr\u00fcfung ihrer eigenen&nbsp;&nbsp;<em>Cookie-Richtlinien.<\/em><\/p><ol class=\"wp-block-list\"><li><strong>Information und Einholung der Zustimmung zum Einbau<\/strong><\/li><\/ol><p>www.edencatamaran.com wird sich stets bem\u00fchen, angemessene Mechanismen einzurichten, um die Zustimmung des Nutzers zur Installation von Cookies einzuholen, wenn dies erforderlich ist. Wenn ein Nutzer auf unsere Website zugreift, erscheint ein Pop-up-Fenster, das ihn \u00fcber das Vorhandensein von Cookies informiert und dass er der Installation von Cookies zustimmt, wenn er auf unserer Seite weitersurft.<\/p><ol class=\"wp-block-list\"><li><strong>Wie kann ich die Installation von Cookies verhindern?<\/strong><\/li><\/ol><p>Der Benutzer kann seinen Browser so konfigurieren, dass er die erhaltenen Cookies akzeptiert oder nicht, oder dass er benachrichtigt wird, wenn ein Server ein Cookie speichern will. Wenn einige technische Cookies deaktiviert sind, ist das korrekte Funktionieren einiger Web-Dienstprogramme nicht gew\u00e4hrleistet.<\/p><p><em>Der Nutzer kann die \"Analyse und Werbung\" ausschlie\u00dfen<\/em>&nbsp;die Speicherung von Cookies von Google Analytics auf ihrem Endger\u00e4t \u00fcber die&nbsp;<a href=\"https:\/\/tools.google.com\/dlpage\/gaoptout\" target=\"_blank\" rel=\"noopener\">Ausschlusssysteme, die von Google Analytics bereitgestellt werden.<\/a><\/p><p>Nachstehend finden Sie auch einige Beispiele f\u00fcr die Deaktivierung von Cookies:<\/p><ol class=\"wp-block-list\"><li>Indem Sie den Browser selbst konfigurieren:<\/li><\/ol><ul class=\"wp-block-list\"><li>Internet Explorer:&nbsp;<a href=\"http:\/\/windows.microsoft.com\/es-es\/windows-vista\/block-or-allow-cookies\" target=\"_blank\" rel=\"noopener\">http:\/\/windows.microsoft.com\/es-es\/windows-vista\/block-or-allow-cookies<\/a><\/li>\n\n<li>Firefox:&nbsp;<a href=\"https:\/\/support.mozilla.org\/es\/kb\/habilitar-y-deshabilitar-cookies-que-los-sitios-web\" target=\"_blank\" rel=\"noopener\">https:\/\/support.mozilla.org\/es\/kb\/habilitar-y-deshabilitar-cookies-que-los-sitios-web<\/a><\/li>\n\n<li>Safari: &nbsp;<a href=\"http:\/\/support.apple.com\/kb\/HT1677?viewlocale=es_ES\" target=\"_blank\" rel=\"noopener\">http:\/\/support.apple.com\/kb\/HT1677?viewlocale=es_ES<\/a>.<\/li>\n\n<li>Chrom:&nbsp;<a href=\"https:\/\/support.google.com\/accounts\/answer\/61416?hl=es\" target=\"_blank\" rel=\"noopener\">https:\/\/support.google.com\/accounts\/answer\/61416?hl=es<\/a>.<\/li>\n\n<li>Oper:&nbsp;<a href=\"http:\/\/help.opera.com\/Windows\/11.50\/es-ES\/cookies.html\" target=\"_blank\" rel=\"noopener\">http:\/\/help.opera.com\/Windows\/11.50\/es-ES\/cookies.html<\/a><\/li><\/ul><p>Weitere Informationen finden Sie auf der Seite der Spanischen Agentur f\u00fcr Datenschutz, die bei der Konfiguration des Datenschutzes in sozialen Netzwerken, Browsern und mobilen Betriebssystemen hilft.&nbsp;<a href=\"http:\/\/www.agpd.es\/portalwebAGPD\/CanalDelCiudadano\/protegetuprivacidad\/index-ides-idphp.php\" target=\"_blank\" rel=\"noreferrer noopener\">Weitere Informationen.<\/a><\/p><ol class=\"wp-block-list\"><li>Durch Tools von Drittanbietern:<\/li><\/ol><p>Es gibt online verf\u00fcgbare Tools von Drittanbietern, die es den Nutzern erm\u00f6glichen, Cookies auf jeder von ihnen besuchten Website zu erkennen und z. B. ihre Deaktivierung zu verwalten:<\/p><ul class=\"wp-block-list\"><li><a href=\"http:\/\/www.ghostery.com\/\" target=\"_blank\" rel=\"noopener\">http:\/\/www.ghostery.com<\/a><\/li>\n\n<li><a href=\"http:\/\/www.youronlinechoices.com\/es\/\" target=\"_blank\" rel=\"noopener\">http:\/\/www.youronlinechoices.com\/es\/<\/a><\/li><\/ul><ol class=\"wp-block-list\"><li>&nbsp;<strong>Links zu anderen Websites<\/strong><\/li><\/ol><p>Wenn Sie unsere Website \u00fcber Links zu anderen Websites verlassen, die nicht zu unserem Unternehmen geh\u00f6ren, sind wir nicht verantwortlich f\u00fcr die Datenschutzrichtlinien dieser Websites oder f\u00fcr die Cookies, die sie auf dem Computer des Benutzers speichern.<\/p><ol class=\"wp-block-list\"><li><strong>Wie sammeln und verwenden wir IP-Adressen?<\/strong><\/li><\/ol><p>Webserver k\u00f6nnen die von den Nutzern verwendete IP-Adresse und den Dom\u00e4nennamen automatisch erkennen.<\/p><p>Eine IP-Adresse ist eine Nummer, die einem Computer automatisch zugewiesen wird, wenn er sich mit dem Internet verbindet. Diese Informationen erm\u00f6glichen die sp\u00e4tere Verarbeitung der Daten, um zu wissen, ob Sie Ihre Zustimmung zur Installation von Cookies gegeben haben, f\u00fchren Sie nur statistische Messungen, die wissen, die Anzahl der Besuche auf der Website, die Reihenfolge der Besuche, den Zugangspunkt , etc.<\/p><ol class=\"wp-block-list\"><li><strong>Aktualisierung unserer Cookie-Richtlinie<\/strong><\/li><\/ol><p>Diese Politik wird in regelm\u00e4\u00dfigen Abst\u00e4nden \u00fcberpr\u00fcft, um ihre G\u00fcltigkeit zu gew\u00e4hrleisten, so dass sie ge\u00e4ndert werden kann. Wir empfehlen Ihnen, die Seite regelm\u00e4\u00dfig zu besuchen und sich \u00fcber etwaige Aktualisierungen zu informieren.<\/p><div style=\"height:50px\" aria-hidden=\"true\" class=\"wp-block-spacer\"><\/div>","protected":false},"excerpt":{"rendered":"<p>Ein Cookie ist eine Textdatei, die ein Webserver auf der Festplatte Ihres Computers speichern kann, um eine Art von Informationen \u00fcber Sie als Benutzer zu speichern. Cookies werden f\u00fcr verschiedene Zwecke verwendet, z. B. um Daten f\u00fcr k\u00fcnftige Besuche zu speichern, um den Benutzer wiederzuerkennen und eine erneute Authentifizierung zu vermeiden, um zu wissen, welche Seiten Sie...<\/p>","protected":false},"author":1,"featured_media":0,"parent":0,"menu_order":0,"comment_status":"closed","ping_status":"closed","template":"","meta":{"_kad_blocks_custom_css":"","_kad_blocks_head_custom_js":"","_kad_blocks_body_custom_js":"","_kad_blocks_footer_custom_js":"","_kad_post_transparent":"","_kad_post_title":"","_kad_post_layout":"","_kad_post_sidebar_id":"","_kad_post_content_style":"","_kad_post_vertical_padding":"","_kad_post_feature":"","_kad_post_feature_position":"","_kad_post_header":false,"_kad_post_footer":false,"footnotes":""},"class_list":["post-2725","page","type-page","status-publish","hentry"],"acf":[],"featured_image_src_large":false,"author_info":{"display_name":"admin","author_link":"https:\/\/www.edencatamaran.com\/de\/author\/e9jcgswvneybrica\/"},"comment_info":0,"taxonomy_info":[],"_links":{"self":[{"href":"https:\/\/www.edencatamaran.com\/de\/wp-json\/wp\/v2\/pages\/2725","targetHints":{"allow":["GET"]}}],"collection":[{"href":"https:\/\/www.edencatamaran.com\/de\/wp-json\/wp\/v2\/pages"}],"about":[{"href":"https:\/\/www.edencatamaran.com\/de\/wp-json\/wp\/v2\/types\/page"}],"author":[{"embeddable":true,"href":"https:\/\/www.edencatamaran.com\/de\/wp-json\/wp\/v2\/users\/1"}],"replies":[{"embeddable":true,"href":"https:\/\/www.edencatamaran.com\/de\/wp-json\/wp\/v2\/comments?post=2725"}],"version-history":[{"count":1,"href":"https:\/\/www.edencatamaran.com\/de\/wp-json\/wp\/v2\/pages\/2725\/revisions"}],"predecessor-version":[{"id":2726,"href":"https:\/\/www.edencatamaran.com\/de\/wp-json\/wp\/v2\/pages\/2725\/revisions\/2726"}],"wp:attachment":[{"href":"https:\/\/www.edencatamaran.com\/de\/wp-json\/wp\/v2\/media?parent=2725"}],"curies":[{"name":"wp","href":"https:\/\/api.w.org\/{rel}","templated":true}]}}