{"id":2725,"date":"2023-05-02T10:41:06","date_gmt":"2023-05-02T10:41:06","guid":{"rendered":"https:\/\/test.edencatamaran.com\/?page_id=2725"},"modified":"2023-05-02T10:45:32","modified_gmt":"2023-05-02T10:45:32","slug":"cookies-policy","status":"publish","type":"page","link":"https:\/\/www.edencatamaran.com\/es\/politica-de-cookies\/","title":{"rendered":"Pol\u00edtica de cookies"},"content":{"rendered":"<ol class=\"wp-block-list\"><li><strong>\u00bfQu\u00e9 son las cookies?<\/strong><\/li><\/ol><p>Una cookie es un archivo de texto que un servidor web puede guardar en el disco duro de su ordenador para almacenar alg\u00fan tipo de informaci\u00f3n sobre usted como usuario. Las cookies se utilizan con diversos fines, como almacenar datos para futuras visitas, reconocer al usuario y evitar pedirle que se autentique de nuevo, saber qu\u00e9 p\u00e1ginas visita, o guardar sus preferencias en \u00e1reas personalizables...). Normalmente, los sitios web utilizan las cookies para obtener informaci\u00f3n estad\u00edstica sobre sus p\u00e1ginas web, y analizar el comportamiento de sus clientes\/usuarios.<\/p><ol class=\"wp-block-list\"><li><strong>tipos de cookies<\/strong><\/li><\/ol><p>Las cookies pueden clasificarse seg\u00fan los siguientes criterios:<\/p><p>En funci\u00f3n de&nbsp;<strong>que instala<\/strong>&nbsp;la galleta, estos pueden ser:<\/p><p><strong>Galletas propias:<\/strong>&nbsp;Son aqu\u00e9llas que se env\u00edan al equipo terminal del usuario desde un equipo o dominio gestionado por el propio editor y desde el que se presta el servicio solicitado por el usuario.<\/p><p><strong>Cookies de terceros:<\/strong>&nbsp;Son aqu\u00e9llas que se env\u00edan al equipo terminal del usuario bien desde un equipo o dominio gestionado por nosotros o por un tercero, pero la informaci\u00f3n que recogen las cookies es gestionada por un tercero distinto del titular de la web.<\/p><p>En funci\u00f3n de su conservaci\u00f3n&nbsp;<strong>periodo<\/strong>&nbsp;, las galletas pueden ser:<\/p><p><strong>Cookies de sesi\u00f3n<\/strong>&nbsp;: Son aquellas que duran mientras el usuario navega por la p\u00e1gina Web y se borran cuando finaliza la navegaci\u00f3n.<\/p><p><strong>Cookies persistentes:<\/strong>&nbsp;Se almacenan en el terminal del usuario durante m\u00e1s tiempo, lo que facilita el control de las preferencias elegidas sin tener que repetir determinados par\u00e1metros cada vez que se visita el sitio web.<\/p><p>En funci\u00f3n de su&nbsp;<strong>prop\u00f3sito<\/strong>&nbsp;, las galletas pueden ser:<\/p><p><strong>Cookies t\u00e9cnicas:<\/strong>&nbsp;Las cookies t\u00e9cnicas son aquellas imprescindibles y estrictamente necesarias para el correcto funcionamiento de un sitio web y la utilizaci\u00f3n de las diferentes opciones y servicios que ofrece. Por ejemplo, las de mantenimiento de sesi\u00f3n, las que permiten utilizar elementos de seguridad, compartir contenidos con redes sociales, etc.<\/p><p><strong>Cookies de personalizaci\u00f3n:<\/strong>&nbsp;Permiten al usuario elegir o personalizar caracter\u00edsticas de la p\u00e1gina web como el idioma, la configuraci\u00f3n regional o el tipo de navegador.<\/p><p><strong>Cookies anal\u00edticas:<\/strong>&nbsp;Son las utilizadas por los portales web para crear perfiles de navegaci\u00f3n y poder conocer las preferencias de los usuarios con el fin de mejorar la oferta de productos y servicios. Permiten controlar las \u00e1reas geogr\u00e1ficas de mayor inter\u00e9s para un usuario, la informaci\u00f3n web m\u00e1s aceptada, etc.<\/p><p><strong>Publicidad \/ cookies publicitarias:<\/strong>&nbsp;Permiten gestionar los espacios publicitarios en funci\u00f3n de criterios espec\u00edficos. Por ejemplo, la frecuencia de acceso, el contenido editado, etc. Las cookies publicitarias permiten a trav\u00e9s de la gesti\u00f3n de la publicidad almacenar informaci\u00f3n del comportamiento a trav\u00e9s de la observaci\u00f3n de h\u00e1bitos, estudiando los accesos y formando un perfil de preferencias del usuario, para ofrecerle publicidad relacionada con los intereses de su perfil.<\/p><ol class=\"wp-block-list\"><li><strong>Cookies utilizadas en nuestro sitio web<\/strong><\/li><\/ol><p>www.edencatamaran.com utiliza los siguientes tipos de cookies en la web:<\/p><p><strong>Cookies t\u00e9cnicas<\/strong><\/p><p>Permiten al usuario navegar por la Web y utilizar funciones como la cesta de la compra.<\/p><p><strong>Cookies de personalizaci\u00f3n<\/strong><\/p><p>Nos permiten conocer las preferencias del usuario: idioma, productos visitados...<\/p><p><strong>Cookies de an\u00e1lisis<\/strong><\/p><p>Utilizamos cookies de Google Analytics para cuantificar el n\u00famero de usuarios que visitan la Web. Estas cookies permiten medir y analizar la forma en que los usuarios navegan por la Web. Esta informaci\u00f3n permite a MARITIME SPORTS OF TENERIFE, SLU mejorar continuamente sus servicios y la experiencia de los usuarios de la Web. Para m\u00e1s informaci\u00f3n, puede consultar la p\u00e1gina de privacidad de Google Analytics:&nbsp;<a href=\"https:\/\/developers.google.com\/analytics\/devguides\/collection\/analyticsjs\/cookie-usage\" target=\"_blank\" rel=\"noreferrer noopener\">https:\/\/developers.google.com\/analytics\/devguides\/collection\/analyticsjs\/cookie-usage<\/a>&nbsp;.<\/p><p><strong>Cookies publicitarias y de publicidad comportamental<\/strong><\/p><p>Estas cookies se utilizan para mostrar anuncios relevantes a los usuarios en funci\u00f3n de su uso de nuestro sitio web. Adem\u00e1s, limitan el n\u00famero de veces que cada usuario ve un anuncio y ayudan a MARITIME SPORTS OF TENERIFE, SLU a medir la efectividad de sus campa\u00f1as publicitarias. Al navegar por la Web, el usuario acepta que instalemos este tipo de cookies en su dispositivo y que realicemos consultas cuando el usuario visite la Web de MARITIME SPORTS OF TENERIFE, SLU en el futuro.&nbsp;<\/p><p><strong>Cookies instaladas en nuestro dominio web:<\/strong><\/p><figure class=\"wp-block-table\"><table><thead><tr><td>Nombre de la cookie<\/td><td>prop\u00f3sito<\/td><td>Propios \/ de terceros<\/td><td>Duraci\u00f3n<\/td><td>\u00bfCu\u00e1ndo se instala?<\/td><\/tr><\/thead><tbody><tr><td>cookie de sesi\u00f3n<\/td><td>t\u00e9cnica<\/td><td>propio<\/td><td>sesi\u00f3n<\/td><td>Cuando se accede al sitio web<\/td><\/tr><tr><td>_ga<\/td><td>Cookie anal\u00edtica de GOOGLE Analytics utilizada para distinguir usuarios<\/td><td>Terceros<\/td><td>Persistente 2 a\u00f1os<\/td><td>Cuando se accede al sitio web<\/td><\/tr><tr><td>_gid<\/td><td>Cookie anal\u00edtica de GOOGLE Analytics utilizada para distinguir usuarios<\/td><td>Terceros<\/td><td>Persistente 24 horas<\/td><td>Cuando se accede al sitio web<\/td><\/tr><tr><td>_gat<\/td><td>Cookie anal\u00edtica de GOOGLE Analytics utilizada para limitar el porcentaje de solicitudes<\/td><td>Terceros<\/td><td><br>1 minuto<\/td><td>Cuando se accede al sitio web<\/td><\/tr><tr><td>_ym_uid _ym_isad I Yp below<\/td><td>Estas cookies se utilizan para medir y analizar el tr\u00e1fico en este sitio web. Son las cookies utilizadas por el script Yandex Metrica perteneciente a la empresa Yandex.<\/td><td>Terceros<\/td><td>De la sesi\u00f3n a los 2 a\u00f1os<\/td><td>Cuando se accede al sitio web<\/td><\/tr><\/tbody><\/table><\/figure><p>Este sitio web, como la mayor\u00eda de los sitios web, incluye funciones proporcionadas por terceros.<\/p><p>Nuestra web es una web viva y pueden incluirse nuevos dise\u00f1os o servicios de terceros. Esto puede ocasionalmente modificar la configuraci\u00f3n de las cookies y que aparezcan cookies no detalladas en esta pol\u00edtica.<\/p><p><strong>Las cookies de terceros utilizadas en nuestro sitio web instaladas por dominios de terceros son las siguientes:<\/strong><\/p><figure class=\"wp-block-table\"><table><thead><tr><td>Titular<\/td><td>Nombre<\/td><td>\u00bfCu\u00e1ndo se instala?<\/td><td>Descripci\u00f3n<\/td><td>Duraci\u00f3n<\/td><td>M\u00e1s informaci\u00f3n<\/td><\/tr><\/thead><tbody><tr><td>google.com\/es<\/td><td>1P_JAR APISID NID HSID SAPISID SID SIDCC SSID ULE DV CONSENT<\/td><td>Al navegar por Internet<\/td><td>Cookies almacenadas en el ordenador del usuario para permanecer conectado a su cuenta de Google cuando vuelva a visitar sus servicios. Mientras permanezca con esta sesi\u00f3n activa y utilice plugins en otros sitios web como el nuestro, Google utilizar\u00e1 estas cookies para mejorar su experiencia de usuario. Los fines de las cookies son variados: gesti\u00f3n de preferencias, an\u00e1lisis del comportamiento del usuario, seguridad, identificaci\u00f3n del usuario...<\/td><td>La duraci\u00f3n depende del tipo de galleta instalada: De 10 minutos a 20 a\u00f1os<\/td><td>Las cookies de Google est\u00e1n fuera de nuestro control. Para consultar la pol\u00edtica de cookies de Google,&nbsp;<a href=\"https:\/\/policies.google.com\/technologies\/types\" target=\"_blank\" rel=\"noopener\">pulse aqu\u00ed<\/a><\/td><\/tr><tr><td>Foxyform.com<\/td><td>__no gane<\/td><td>Al navegar por Internet<\/td><td>De Google Analytics que se utiliza para distinguir la sesi\u00f3n del usuario.<br><\/td><td>2 a\u00f1os<\/td><td><a href=\"https:\/\/policies.google.com\/technologies\/types\" target=\"_blank\" rel=\"noopener\">Pulse aqu\u00ed<\/a><\/td><\/tr><tr><td>Foxyform.com<\/td><td>__utmb<\/td><td>Al navegar por Internet<\/td><td>Cookie de Google Analytics utilizada para determinar nuevas sesiones y\/o visitas<\/td><td>30 minutos<\/td><td><a href=\"https:\/\/policies.google.com\/technologies\/types\" target=\"_blank\" rel=\"noopener\">Pulse aqu\u00ed<\/a><\/td><\/tr><tr><td>Foxyform.com<\/td><td>__utmc<\/td><td>Al navegar por Internet<\/td><td>Cookie de Google Analytics para indicar si la sesi\u00f3n est\u00e1 abierta o cerrada. Ya no se utiliza.<\/td><td>Mientras dure la sesi\u00f3n<\/td><td><a href=\"https:\/\/policies.google.com\/technologies\/types\" target=\"_blank\" rel=\"noopener\">Pulse aqu\u00ed<\/a><\/td><\/tr><tr><td>Foxyform.com<\/td><td>__utmz<\/td><td>Al navegar por Internet<\/td><td>Google Analytics que se utiliza para calcular el tr\u00e1fico que proviene de buscadores (org\u00e1nico y PPC), campa\u00f1as de publicidad display y navegaci\u00f3n dentro de la misma web (enlaces internos)<\/td><td>6 meses<\/td><td><a href=\"https:\/\/policies.google.com\/technologies\/types\" target=\"_blank\" rel=\"noopener\">Pulse aqu\u00ed<\/a><\/td><\/tr><tr><td>Foxyform.com<\/td><td>__ext<\/td><td>Al navegar por Internet<\/td><td>Google Analytics utiliza para almacenar los datos obtenidos de los registros, para posteriormente poder segmentarlos demogr\u00e1ficamente.<br><\/td><td>2 a\u00f1os<\/td><td><a href=\"https:\/\/policies.google.com\/technologies\/types\" target=\"_blank\" rel=\"noopener\">Pulse aqu\u00ed<\/a><\/td><\/tr><tr><td>Addthis.com<\/td><td>km_ai km_lv km_vs kvcd loc mus notice_gdpr_prefs notice_preferences ouid uid uvc<\/td><td>Al acceder al sitio web<\/td><td>Cookies t\u00e9cnicas para compartir noticias en redes sociales.<\/td><td>De la sesi\u00f3n a 1 a\u00f1o<\/td><td>Pulse aqu\u00ed<\/td><\/tr><tr><td>Turitop.com<\/td><td>__ga<\/td><td>Al navegar por Internet<\/td><td>Google Analytics utilizado para distinguir a los usuarios<\/td><td>2 a\u00f1os<\/td><td><a href=\"https:\/\/policies.google.com\/technologies\/types\" target=\"_blank\" rel=\"noopener\">Pulse aqu\u00ed<\/a><\/td><\/tr><tr><td>Turitop.com<\/td><td>_gid<\/td><td>Cuando se accede al sitio web<\/td><td>Cookie anal\u00edtica de GOOGLE Analytics utilizada para distinguir usuarios<\/td><td>24 horas<\/td><td><a href=\"https:\/\/policies.google.com\/technologies\/types\" target=\"_blank\" rel=\"noopener\">Pulse aqu\u00ed<\/a><\/td><\/tr><tr><td>Turitop.com<\/td><td>_gat<\/td><td>Cuando se accede al sitio web<\/td><td><br>Cookie anal\u00edtica de GOOGLE Analytics utilizada para limitar el porcentaje de solicitudes<\/td><td>1 minuto<\/td><td><a href=\"https:\/\/policies.google.com\/technologies\/types\" target=\"_blank\" rel=\"noopener\">Pulse aqu\u00ed<\/a><\/td><\/tr><tr><td>Vk.com<\/td><td>remixlang<\/td><td>Al navegar por Internet<\/td><td>Determinaci\u00f3n de la lengua del sitio web<\/td><td>1 a\u00f1o<\/td><td><a href=\"https:\/\/www.smartlook.com\/es\/help\/privacy-statement\/\" target=\"_blank\" rel=\"noopener\">Pulse aqu\u00ed<\/a><\/td><\/tr><tr><td>Yandex.ru<\/td><td>I Yp yanderuid<\/td><td>Al navegar por Internet<\/td><td>Supervisi\u00f3n del comportamiento de los visitantes en el sitio web para mejorar la experiencia y funcionalidad del mismo.<\/td><td>sesi\u00f3n<\/td><td><a href=\"https:\/\/www.smartlook.com\/es\/help\/privacy-statement\/\" target=\"_blank\" rel=\"noopener\">Pulse aqu\u00ed<\/a><\/td><\/tr><\/tbody><\/table><\/figure><p>Nuestro sitio no controla la&nbsp;&nbsp;<em>galletas<\/em>&nbsp;&nbsp;utilizados por estos terceros. Para m\u00e1s informaci\u00f3n sobre&nbsp;<em>galletas<\/em>&nbsp;&nbsp;de redes sociales u otros sitios web de terceros, recomendamos revisar sus propias&nbsp;&nbsp;<em>pol\u00edtica de cookies.<\/em><\/p><ol class=\"wp-block-list\"><li><strong>Informaci\u00f3n y obtenci\u00f3n del consentimiento para la instalaci\u00f3n<\/strong><\/li><\/ol><p>www.edencatamaran.com procurar\u00e1 en todo momento establecer mecanismos adecuados para obtener el consentimiento del Usuario para la instalaci\u00f3n de cookies que lo requieran. Cuando un Usuario accede a nuestra p\u00e1gina web, aparece una ventana emergente inform\u00e1ndole de la existencia de cookies y de que si contin\u00faa navegando por nuestra p\u00e1gina, consiente la instalaci\u00f3n de las mismas.<\/p><ol class=\"wp-block-list\"><li><strong>\u00bfC\u00f3mo puedo evitar la instalaci\u00f3n de cookies?<\/strong><\/li><\/ol><p>El usuario puede configurar su navegador para aceptar, o no, las cookies que recibe o para que el navegador le avise cuando un servidor quiera guardar una cookie. Si se desactivan algunas cookies t\u00e9cnicas, no se garantiza el correcto funcionamiento de algunas de las utilidades de la web.<\/p><p><em>El usuario puede excluir la \" anal\u00edtica y publicidad\"<\/em>&nbsp;cookies de Google Analytics se almacenen en su terminal a trav\u00e9s de la&nbsp;<a href=\"https:\/\/tools.google.com\/dlpage\/gaoptout\" target=\"_blank\" rel=\"noopener\">sistemas de exclusi\u00f3n proporcionados por Google Analytics.<\/a><\/p><p>A continuaci\u00f3n, le ofrecemos tambi\u00e9n algunos ejemplos de c\u00f3mo desactivar las cookies:<\/p><ol class=\"wp-block-list\"><li>Configurando el propio navegador:<\/li><\/ol><ul class=\"wp-block-list\"><li>Internet Explorer:&nbsp;<a href=\"http:\/\/windows.microsoft.com\/es-es\/windows-vista\/block-or-allow-cookies\" target=\"_blank\" rel=\"noopener\">http:\/\/windows.microsoft.com\/es-es\/windows-vista\/block-or-allow-cookies<\/a><\/li>\n\n<li>Firefox:&nbsp;<a href=\"https:\/\/support.mozilla.org\/es\/kb\/habilitar-y-deshabilitar-cookies-que-los-sitios-web\" target=\"_blank\" rel=\"noopener\">https:\/\/support.mozilla.org\/es\/kb\/habilitar-y-deshabilitar-cookies-que-los-sitios-web<\/a><\/li>\n\n<li>Safari: &nbsp;<a href=\"http:\/\/support.apple.com\/kb\/HT1677?viewlocale=es_ES\" target=\"_blank\" rel=\"noopener\">http:\/\/support.apple.com\/kb\/HT1677?viewlocale=es_ES<\/a>.<\/li>\n\n<li>Cromo:&nbsp;<a href=\"https:\/\/support.google.com\/accounts\/answer\/61416?hl=es\" target=\"_blank\" rel=\"noopener\">https:\/\/support.google.com\/accounts\/answer\/61416?hl=es<\/a>.<\/li>\n\n<li>\u00d3pera:&nbsp;<a href=\"http:\/\/help.opera.com\/Windows\/11.50\/es-ES\/cookies.html\" target=\"_blank\" rel=\"noopener\">http:\/\/help.opera.com\/Windows\/11.50\/es-ES\/cookies.html<\/a><\/li><\/ul><p>Para m\u00e1s informaci\u00f3n, visite la p\u00e1gina de la Agencia Espa\u00f1ola de Protecci\u00f3n de Datos, que ayuda a configurar la privacidad en redes sociales, navegadores y sistemas operativos m\u00f3viles.&nbsp;<a href=\"http:\/\/www.agpd.es\/portalwebAGPD\/CanalDelCiudadano\/protegetuprivacidad\/index-ides-idphp.php\" target=\"_blank\" rel=\"noreferrer noopener\">M\u00e1s informaci\u00f3n.<\/a><\/p><ol class=\"wp-block-list\"><li>A trav\u00e9s de herramientas de terceros:<\/li><\/ol><p>Existen herramientas de terceros, disponibles en l\u00ednea, que permiten a los usuarios detectar las cookies en cada sitio web que visitan y gestionar su desactivaci\u00f3n, por ejemplo:<\/p><ul class=\"wp-block-list\"><li><a href=\"http:\/\/www.ghostery.com\/\" target=\"_blank\" rel=\"noopener\">http:\/\/www.ghostery.com<\/a><\/li>\n\n<li><a href=\"http:\/\/www.youronlinechoices.com\/es\/\" target=\"_blank\" rel=\"noopener\">http:\/\/www.youronlinechoices.com\/es\/<\/a><\/li><\/ul><ol class=\"wp-block-list\"><li>&nbsp;<strong>Enlaces a otros sitios web<\/strong><\/li><\/ol><p>Si opta por abandonar nuestro sitio web a trav\u00e9s de enlaces a sitios web no pertenecientes a nuestra entidad, no nos haremos responsables de las pol\u00edticas de privacidad de dichos sitios web ni de las cookies que \u00e9stos puedan almacenar en el ordenador del usuario.<\/p><ol class=\"wp-block-list\"><li><strong>\u00bfC\u00f3mo recopilamos y utilizamos las direcciones IP?<\/strong><\/li><\/ol><p>Los servidores web pueden detectar autom\u00e1ticamente la direcci\u00f3n IP y el nombre de dominio utilizados por los usuarios.<\/p><p>Una direcci\u00f3n IP es un n\u00famero asignado autom\u00e1ticamente a un ordenador cuando \u00e9ste se conecta a Internet. Esta informaci\u00f3n permite el posterior procesamiento de los datos con el fin de conocer si ha dado su consentimiento para la instalaci\u00f3n de cookies, realizar mediciones \u00fanicamente estad\u00edsticas que permitan conocer el n\u00famero de visitas realizadas a la Web, el orden de visitas, el punto de acceso, etc.<\/p><ol class=\"wp-block-list\"><li><strong>Actualizaci\u00f3n de nuestra pol\u00edtica de cookies<\/strong><\/li><\/ol><p>Esta pol\u00edtica se revisa peri\u00f3dicamente para garantizar su validez, por lo que puede ser modificada. Le recomendamos que visite peri\u00f3dicamente la p\u00e1gina, donde le informaremos de cualquier actualizaci\u00f3n al respecto.<\/p><div style=\"height:50px\" aria-hidden=\"true\" class=\"wp-block-spacer\"><\/div>","protected":false},"excerpt":{"rendered":"<p>Una cookie es un archivo de texto que un servidor web puede guardar en el disco duro de su ordenador para almacenar alg\u00fan tipo de informaci\u00f3n sobre usted como usuario. Las cookies se utilizan con diversos fines, como almacenar datos para futuras visitas, reconocer al usuario y evitar pedirle que se autentique de nuevo, saber qu\u00e9 p\u00e1ginas...<\/p>","protected":false},"author":1,"featured_media":0,"parent":0,"menu_order":0,"comment_status":"closed","ping_status":"closed","template":"","meta":{"_kad_blocks_custom_css":"","_kad_blocks_head_custom_js":"","_kad_blocks_body_custom_js":"","_kad_blocks_footer_custom_js":"","_kad_post_transparent":"","_kad_post_title":"","_kad_post_layout":"","_kad_post_sidebar_id":"","_kad_post_content_style":"","_kad_post_vertical_padding":"","_kad_post_feature":"","_kad_post_feature_position":"","_kad_post_header":false,"_kad_post_footer":false,"footnotes":""},"class_list":["post-2725","page","type-page","status-publish","hentry"],"acf":[],"featured_image_src_large":false,"author_info":{"display_name":"admin","author_link":"https:\/\/www.edencatamaran.com\/es\/author\/e9jcgswvneybrica\/"},"comment_info":0,"taxonomy_info":[],"_links":{"self":[{"href":"https:\/\/www.edencatamaran.com\/es\/wp-json\/wp\/v2\/pages\/2725","targetHints":{"allow":["GET"]}}],"collection":[{"href":"https:\/\/www.edencatamaran.com\/es\/wp-json\/wp\/v2\/pages"}],"about":[{"href":"https:\/\/www.edencatamaran.com\/es\/wp-json\/wp\/v2\/types\/page"}],"author":[{"embeddable":true,"href":"https:\/\/www.edencatamaran.com\/es\/wp-json\/wp\/v2\/users\/1"}],"replies":[{"embeddable":true,"href":"https:\/\/www.edencatamaran.com\/es\/wp-json\/wp\/v2\/comments?post=2725"}],"version-history":[{"count":1,"href":"https:\/\/www.edencatamaran.com\/es\/wp-json\/wp\/v2\/pages\/2725\/revisions"}],"predecessor-version":[{"id":2726,"href":"https:\/\/www.edencatamaran.com\/es\/wp-json\/wp\/v2\/pages\/2725\/revisions\/2726"}],"wp:attachment":[{"href":"https:\/\/www.edencatamaran.com\/es\/wp-json\/wp\/v2\/media?parent=2725"}],"curies":[{"name":"wp","href":"https:\/\/api.w.org\/{rel}","templated":true}]}}